{"id":930,"date":"2022-03-05T10:00:12","date_gmt":"2022-03-05T10:00:12","guid":{"rendered":"https:\/\/www.vcctachlovice.cz\/?page_id=930"},"modified":"2026-04-16T18:32:02","modified_gmt":"2026-04-16T18:32:02","slug":"testace-hv","status":"publish","type":"page","link":"https:\/\/www.vcctachlovice.cz\/index.php\/testace-hv\/","title":{"rendered":"Testace historick\u00fdch vozidel"},"content":{"rendered":"\n<p class=\"has-small-font-size\">\u010c\u00edslo klubov\u00e9 testovac\u00ed komise : 11-27<\/p>\n\n\n\n<p class=\"has-small-font-size\"><strong>Dotazy na veter\u00e1nsk\u00e9 registra\u010dn\u00ed zna\u010dky, pr\u016fkazy historick\u00fdch vozidel, prodlu\u017eov\u00e1n\u00ed pr\u016fkaz\u016f<\/strong> <strong>historick\u00fdch vozidel a ve\u0161ker\u00e1 agenda s t\u00edmto spojen\u00e1<\/strong>:<\/p>\n\n\n\n<p class=\"has-small-font-size\"><strong>&nbsp; &nbsp; &nbsp; &nbsp; &nbsp; &nbsp; &nbsp; &nbsp; Ond\u0159ej Vo\u0161ta<\/strong><\/p>\n\n\n\n<p class=\"has-small-font-size\">&nbsp;&nbsp;&nbsp;&nbsp;&nbsp;&nbsp;&nbsp;&nbsp;&nbsp;&nbsp;&nbsp;&nbsp;&nbsp;&nbsp;&nbsp; e.mail.:  <a href=\"mailto:ondrej.vosta@vcctachlovice.cz\">ondrej.vosta@vcctachlovice.cz<\/a><\/p>\n\n\n\n<p class=\"has-small-font-size\">&nbsp;&nbsp;&nbsp;&nbsp;&nbsp;&nbsp;&nbsp;&nbsp;&nbsp;&nbsp;&nbsp;&nbsp;&nbsp;&nbsp;&nbsp; kontakt:  +420 777 174 230<\/p>\n\n\n\n<p><a href=\"http:\/\/vcctachlovice.cz\/wp-content\/uploads\/zadost_o_provedeni_testovani_historickeho_vozidla.doc\">\u017d\u00e1dost o proveden\u00ed testov\u00e1n\u00ed historick\u00e9ho vozidla<\/a><\/p>\n\n\n\n<p class=\"has-small-font-size\"><a href=\"https:\/\/www.vcctachlovice.cz\/wp-content\/uploads\/Kupni-smlouva-vzor-2.pdf\">Kupn\u00ed smlouva, vzor<\/a><\/p>\n\n\n\n<p class=\"has-small-font-size\"><a href=\"https:\/\/www.vcctachlovice.cz\/wp-content\/uploads\/Plna_moc.pdf\" data-type=\"link\" data-id=\"https:\/\/www.vcctachlovice.cz\/wp-content\/uploads\/Plna_moc.pdf\">Pln\u00e1 moc k z\u00e1pisu zm\u011bn v registru historick\u00fdch vozidel<\/a><\/p>\n\n\n\n<p><a href=\"https:\/\/www.vcctachlovice.cz\/wp-content\/uploads\/plna-moc-vyplneni-zadosti.pdf\" data-type=\"link\" data-id=\"https:\/\/www.vcctachlovice.cz\/wp-content\/uploads\/Plna_moc.pdf\">Pln\u00e1 moc k vyplneni a podeps\u00e1n\u00ed \u017e\u00e1dosti<\/a><\/p>\n\n\n\n<p><a href=\"https:\/\/www.vcctachlovice.cz\/wp-content\/uploads\/metodicky-postup-mereni-emisi-vozidel-2018.pdf\" data-type=\"link\" data-id=\"https:\/\/www.vcctachlovice.cz\/wp-content\/uploads\/Plna_moc.pdf\">Metodick\u00fd postup m\u011b\u0159en\u00ed emisi vozidel<\/a><\/p>\n\n\n\n<p><\/p>\n\n\n\n<p class=\"has-small-font-size\"><\/p>\n\n\n\n<p class=\"has-small-font-size\"><\/p>\n\n\n\n<p><\/p>\n\n\n\n<p class=\"has-text-align-center has-medium-font-size\"><a href=\"http:\/\/www.fkhv.cz\"><img loading=\"lazy\" decoding=\"async\" width=\"250\" height=\"183\" class=\"wp-image-970\" style=\"width: 250px;\" src=\"https:\/\/www.vcctachlovice.cz\/wp-content\/uploads\/logo_pruhledne.png\" alt=\"\" srcset=\"https:\/\/www.vcctachlovice.cz\/wp-content\/uploads\/logo_pruhledne.png 956w, https:\/\/www.vcctachlovice.cz\/wp-content\/uploads\/logo_pruhledne-300x220.png 300w, https:\/\/www.vcctachlovice.cz\/wp-content\/uploads\/logo_pruhledne-768x562.png 768w, https:\/\/www.vcctachlovice.cz\/wp-content\/uploads\/logo_pruhledne-700x513.png 700w\" sizes=\"auto, (max-width: 250px) 100vw, 250px\" \/><\/a><\/p>\n\n\n\n<p><\/p>\n","protected":false},"excerpt":{"rendered":"<p>\u010c\u00edslo klubov\u00e9 testovac\u00ed komise : 11-27 Dotazy na veter\u00e1nsk\u00e9 registra\u010dn\u00ed zna\u010dky, pr\u016fkazy historick\u00fdch vozidel, prodlu\u017eov\u00e1n\u00ed pr\u016fkaz\u016f historick\u00fdch vozidel a ve\u0161ker\u00e1 agenda s t\u00edmto spojen\u00e1: &nbsp; &nbsp; &nbsp; &nbsp; &nbsp; &nbsp; &nbsp; &nbsp; Ond\u0159ej Vo\u0161ta &nbsp;&nbsp;&nbsp;&nbsp;&nbsp;&nbsp;&nbsp;&nbsp;&nbsp;&nbsp;&nbsp;&nbsp;&nbsp;&nbsp;&nbsp; e.mail.: ondrej.vosta@vcctachlovice.cz &nbsp;&nbsp;&nbsp;&nbsp;&nbsp;&nbsp;&nbsp;&nbsp;&nbsp;&nbsp;&nbsp;&nbsp;&nbsp;&nbsp;&nbsp; kontakt: +420 777 174 230 \u017d\u00e1dost o proveden\u00ed testov\u00e1n\u00ed historick\u00e9ho vozidla Kupn\u00ed smlouva, vzor Pln\u00e1 moc k [&hellip;]<\/p>\n","protected":false},"author":15,"featured_media":152,"parent":0,"menu_order":0,"comment_status":"closed","ping_status":"closed","template":"template-fullwidth.php","meta":{"footnotes":""},"class_list":["post-930","page","type-page","status-publish","has-post-thumbnail","hentry"],"_links":{"self":[{"href":"https:\/\/www.vcctachlovice.cz\/index.php\/wp-json\/wp\/v2\/pages\/930","targetHints":{"allow":["GET"]}}],"collection":[{"href":"https:\/\/www.vcctachlovice.cz\/index.php\/wp-json\/wp\/v2\/pages"}],"about":[{"href":"https:\/\/www.vcctachlovice.cz\/index.php\/wp-json\/wp\/v2\/types\/page"}],"author":[{"embeddable":true,"href":"https:\/\/www.vcctachlovice.cz\/index.php\/wp-json\/wp\/v2\/users\/15"}],"replies":[{"embeddable":true,"href":"https:\/\/www.vcctachlovice.cz\/index.php\/wp-json\/wp\/v2\/comments?post=930"}],"version-history":[{"count":45,"href":"https:\/\/www.vcctachlovice.cz\/index.php\/wp-json\/wp\/v2\/pages\/930\/revisions"}],"predecessor-version":[{"id":1375,"href":"https:\/\/www.vcctachlovice.cz\/index.php\/wp-json\/wp\/v2\/pages\/930\/revisions\/1375"}],"wp:featuredmedia":[{"embeddable":true,"href":"https:\/\/www.vcctachlovice.cz\/index.php\/wp-json\/wp\/v2\/media\/152"}],"wp:attachment":[{"href":"https:\/\/www.vcctachlovice.cz\/index.php\/wp-json\/wp\/v2\/media?parent=930"}],"curies":[{"name":"wp","href":"https:\/\/api.w.org\/{rel}","templated":true}]}}