{"id":40,"date":"2015-07-13T23:05:26","date_gmt":"2015-07-13T23:05:26","guid":{"rendered":"https:\/\/www.vcctachlovice.cz\/?page_id=40"},"modified":"2025-09-08T06:40:47","modified_gmt":"2025-09-08T06:40:47","slug":"vysledkove-listiny","status":"publish","type":"page","link":"https:\/\/www.vcctachlovice.cz\/index.php\/vysledkove-listiny\/","title":{"rendered":"V\u00fdsledkov\u00e9 listiny 2025 a historie"},"content":{"rendered":"\n<p>V\u00fdsledkov\u00e9 listiny prob\u011bhl\u00fdch ro\u010dn\u00edk\u016f ve form\u00e1tu *.pdf.<\/p>\n\n\n\n<p><a href=\"http:\/\/www.vcctachlovice.cz\/wp-content\/uploads\/Tachlovice-2024.pdf\" data-type=\"page\" data-id=\"37\">Tachlovick\u00fd <\/a><a href=\"http:\/\/www.vcctachlovice.cz\/wp-content\/uploads\/vysledky-2025.pdf\" data-type=\"link\" data-id=\"http:\/\/www.vcctachlovice.cz\/wp-content\/uploads\/vysledky-2025.pdf\">troj\u00faheln\u00edk <\/a><a href=\"http:\/\/www.vcctachlovice.cz\/wp-content\/uploads\/vysledky-2025.pdf\" data-type=\"page\" data-id=\"37\">2025<\/a> <\/p>\n\n\n\n<p><a href=\"http:\/\/www.vcctachlovice.cz\/wp-content\/uploads\/Tachlovice-2024.pdf\" data-type=\"page\" data-id=\"37\">Tachlovick\u00fd troj\u00faheln\u00edk 2024<\/a> <\/p>\n\n\n\n<p>Tachlovick\u00fd troj\u00faheln\u00edk 2023 ( Z\u00e1vod se nekonal )<\/p>\n\n\n\n<p><a href=\"http:\/\/www.vcctachlovice.cz\/wp-content\/uploads\/Tachlovice-2022.pdf\">Tachlovick\u00fd troj\u00faheln\u00edk 2022<\/a><\/p>\n\n\n\n<p><a href=\"http:\/\/www.vcctachlovice.cz\/wp-content\/uploads\/Tachlovice-2021.pdf\">Tachlovick\u00fd troj\u00faheln\u00edk 2021<\/a><\/p>\n\n\n\n<p><a href=\"http:\/\/www.vcctachlovice.cz\/wp-content\/uploads\/Tachlovice-2020.pdf\">Tachlovick\u00fd troj\u00faheln\u00edk 2020<\/a><\/p>\n\n\n\n<p><a href=\"http:\/\/www.vcctachlovice.cz\/wp-content\/uploads\/Tachlovice-2019.pdf\">Tachlovick\u00fd troj\u00faheln\u00edk 2019<\/a><\/p>\n\n\n\n<p><a href=\"http:\/\/www.vcctachlovice.cz\/wp-content\/uploads\/Tachlovice-2018.pdf\">Tachlovick\u00fd troj\u00faheln\u00edk 2018<\/a><\/p>\n\n\n\n<p><a href=\"http:\/\/www.vcctachlovice.cz\/wp-content\/uploads\/Tachlovice-2017-v\u00fdsledky.pdf\">Tachlovick\u00fd troj\u00faheln\u00edk17<\/a>&nbsp; <a href=\"http:\/\/www.vcctachlovice.cz\/wp-content\/uploads\/Tachlovice-2017-startovn\u00ed-listina.pdf\">Startovn\u00ed listina<\/a><\/p>\n\n\n\n<p><a href=\"http:\/\/www.vcctachlovice.cz\/wp-content\/uploads\/Tachlovice-2015.pdf\">Tachlovick\u00fd troj\u00faheln\u00edk15<\/a><\/p>\n\n\n\n<p><a href=\"http:\/\/www.vcctachlovice.cz\/wp-content\/uploads\/Tachlovick\u00fd-troj\u00faheln\u00edk14.pdf\">Tachlovick\u00fd troj\u00faheln\u00edk14<\/a><\/p>\n\n\n\n<p><a href=\"http:\/\/www.vcctachlovice.cz\/wp-content\/uploads\/Tachlovick\u00fd-troj\u00faheln\u00edk13.pdf\">Tachlovick\u00fd troj\u00faheln\u00edk13<\/a><\/p>\n\n\n\n<p><a href=\"http:\/\/www.vcctachlovice.cz\/wp-content\/uploads\/Tachlovick\u00fd-troj\u00faheln\u00edk12.pdf\">Tachlovick\u00fd troj\u00faheln\u00edk12<\/a><\/p>\n\n\n\n<p><a href=\"http:\/\/www.vcctachlovice.cz\/wp-content\/uploads\/Tachlovick\u00fd-troj\u00faheln\u00edk11.pdf\">Tachlovick\u00fd troj\u00faheln\u00edk11<\/a><\/p>\n\n\n\n<p><a href=\"http:\/\/www.vcctachlovice.cz\/wp-content\/uploads\/Tachlovick\u00fd-troj\u00faheln\u00edk10.pdf\">Tachlovick\u00fd troj\u00faheln\u00edk10<\/a><\/p>\n\n\n\n<p><a href=\"http:\/\/www.vcctachlovice.cz\/wp-content\/uploads\/Tachlovick\u00fd-troj\u00faheln\u00edk09.pdf\">Tachlovick\u00fd troj\u00faheln\u00edk09<\/a><\/p>\n\n\n\n<p><a href=\"http:\/\/www.vcctachlovice.cz\/wp-content\/uploads\/Tachlovick\u00fd-troj\u00faheln\u00edk08.pdf\">Tachlovick\u00fd troj\u00faheln\u00edk08<\/a><\/p>\n\n\n\n<p><a href=\"http:\/\/www.vcctachlovice.cz\/wp-content\/uploads\/Tachlovick\u00fd-troj\u00faheln\u00edk07.pdf\">Tachlovick\u00fd troj\u00faheln\u00edk07<\/a><\/p>\n\n\n\n<p><a href=\"http:\/\/www.vcctachlovice.cz\/wp-content\/uploads\/Tachlovick\u00fd-troj\u00faheln\u00edk06.pdf\">Tachlovick\u00fd troj\u00faheln\u00edk06<\/a><\/p>\n\n\n\n<p class=\"has-text-align-left\"><a href=\"http:\/\/www.vcctachlovice.cz\/wp-content\/uploads\/Tachlovick\u00fd-troj\u00faheln\u00edk05.pdf\">Tachlovick\u00fd troj\u00faheln\u00edk05<\/a><\/p>\n\n\n\n<p class=\"has-text-align-left\">&nbsp;<\/p>\n","protected":false},"excerpt":{"rendered":"<p>V\u00fdsledkov\u00e9 listiny prob\u011bhl\u00fdch ro\u010dn\u00edk\u016f ve form\u00e1tu *.pdf. Tachlovick\u00fd troj\u00faheln\u00edk 2025 Tachlovick\u00fd troj\u00faheln\u00edk 2024 Tachlovick\u00fd troj\u00faheln\u00edk 2023 ( Z\u00e1vod se nekonal ) Tachlovick\u00fd troj\u00faheln\u00edk 2022 Tachlovick\u00fd troj\u00faheln\u00edk 2021 Tachlovick\u00fd troj\u00faheln\u00edk 2020 Tachlovick\u00fd troj\u00faheln\u00edk 2019 Tachlovick\u00fd troj\u00faheln\u00edk 2018 Tachlovick\u00fd troj\u00faheln\u00edk17&nbsp; Startovn\u00ed listina Tachlovick\u00fd troj\u00faheln\u00edk15 Tachlovick\u00fd troj\u00faheln\u00edk14 Tachlovick\u00fd troj\u00faheln\u00edk13 Tachlovick\u00fd troj\u00faheln\u00edk12 Tachlovick\u00fd troj\u00faheln\u00edk11 Tachlovick\u00fd troj\u00faheln\u00edk10 Tachlovick\u00fd troj\u00faheln\u00edk09 Tachlovick\u00fd [&hellip;]<\/p>\n","protected":false},"author":1,"featured_media":142,"parent":0,"menu_order":0,"comment_status":"closed","ping_status":"closed","template":"template-fullwidth.php","meta":{"footnotes":""},"class_list":["post-40","page","type-page","status-publish","has-post-thumbnail","hentry"],"_links":{"self":[{"href":"https:\/\/www.vcctachlovice.cz\/index.php\/wp-json\/wp\/v2\/pages\/40","targetHints":{"allow":["GET"]}}],"collection":[{"href":"https:\/\/www.vcctachlovice.cz\/index.php\/wp-json\/wp\/v2\/pages"}],"about":[{"href":"https:\/\/www.vcctachlovice.cz\/index.php\/wp-json\/wp\/v2\/types\/page"}],"author":[{"embeddable":true,"href":"https:\/\/www.vcctachlovice.cz\/index.php\/wp-json\/wp\/v2\/users\/1"}],"replies":[{"embeddable":true,"href":"https:\/\/www.vcctachlovice.cz\/index.php\/wp-json\/wp\/v2\/comments?post=40"}],"version-history":[{"count":34,"href":"https:\/\/www.vcctachlovice.cz\/index.php\/wp-json\/wp\/v2\/pages\/40\/revisions"}],"predecessor-version":[{"id":1314,"href":"https:\/\/www.vcctachlovice.cz\/index.php\/wp-json\/wp\/v2\/pages\/40\/revisions\/1314"}],"wp:featuredmedia":[{"embeddable":true,"href":"https:\/\/www.vcctachlovice.cz\/index.php\/wp-json\/wp\/v2\/media\/142"}],"wp:attachment":[{"href":"https:\/\/www.vcctachlovice.cz\/index.php\/wp-json\/wp\/v2\/media?parent=40"}],"curies":[{"name":"wp","href":"https:\/\/api.w.org\/{rel}","templated":true}]}}