{"id":1125,"date":"2023-03-26T16:27:08","date_gmt":"2023-03-26T16:27:08","guid":{"rendered":"https:\/\/www.vcctachlovice.cz\/?page_id=1125"},"modified":"2024-09-10T16:56:18","modified_gmt":"2024-09-10T16:56:18","slug":"https-youtu-be-dbs_tvweyke","status":"publish","type":"page","link":"https:\/\/www.vcctachlovice.cz\/index.php\/https-youtu-be-dbs_tvweyke\/","title":{"rendered":"Video ze 45. ro\u010dn\u00edku Tachlovick\u00e9ho troj\u00faheln\u00edku"},"content":{"rendered":"\n<figure class=\"wp-block-embed aligncenter is-type-video is-provider-youtube wp-block-embed-youtube wp-embed-aspect-16-9 wp-has-aspect-ratio\"><div class=\"wp-block-embed__wrapper\">\n<iframe loading=\"lazy\" title=\"45. Tachlovick\u00fd troj\u00faheln\u00edk 2022\" width=\"500\" height=\"281\" src=\"https:\/\/www.youtube.com\/embed\/DbS_tvWeYKE?feature=oembed\" frameborder=\"0\" allow=\"accelerometer; autoplay; clipboard-write; encrypted-media; gyroscope; picture-in-picture; web-share\" referrerpolicy=\"strict-origin-when-cross-origin\" allowfullscreen><\/iframe>\n<\/div><\/figure>\n\n\n\n<p class=\"has-text-align-left has-small-font-size\">V\u00e1\u017een\u00ed p\u0159\u00e1tel\u00e9,<\/p>\n\n\n\n<p class=\"has-text-align-left has-small-font-size\">Tachlovick\u00fd troj\u00faheln\u00edk se jezd\u00ed jako j\u00edzda pravidelnosti na \u010das mezi obcemi Tachlovice, Nu\u010dice a Dob\u0159\u00ed\u010d. Z\u00fa\u010dast\u0148uj\u00ed se j\u00ed automobily a motocykly veter\u00e1ny vyroben\u00e9 do r. 1960.<\/p>\n\n\n\n<p class=\"has-text-align-left has-small-font-size\">Prvn\u00ed ro\u010dn\u00edk Tachlovick\u00e9ho troj\u00faheln\u00edku se jel v&nbsp;roce 1976, kdy bylo v&nbsp;tehdej\u0161\u00edm \u010ceskoslovensku veter\u00e1nsk\u00e9 hnut\u00ed je\u0161t\u011b v&nbsp;plenk\u00e1ch a kdy dne\u0161n\u00ed veter\u00e1ny jezdily je\u0161t\u011b b\u011b\u017en\u011b v&nbsp;silni\u010dn\u00edm provozu. Nen\u00ed divu, \u017ee Tachlovick\u00fd troj\u00faheln\u00edk byl jednou z&nbsp;prvn\u00edch veter\u00e1nsk\u00fdch akc\u00ed v&nbsp;na\u0161\u00ed zemi.<\/p>\n\n\n\n<p class=\"has-text-align-left has-small-font-size\">U jeho zrodu st\u00e1l tachlovick\u00fd ob\u010dan, pan Jan Hor\u00e1k, motocyklov\u00fd konstrukt\u00e9r a z\u00e1vodn\u00edk, kter\u00fd z\u00e1vodil p\u0159edev\u0161\u00edm na motocyklech Rudge Witworth a pozd\u011bji i na stroj\u00edch vlastn\u00ed konstrukce s&nbsp;motorem Walter od 30. let minul\u00e9ho stolet\u00ed a\u017e do roku 1970. Od prvn\u00edho ro\u010dn\u00edku v&nbsp;roce 1976 do r. 2003 byl tak\u00e9 \u0159editelem z\u00e1vodu &#8211; Tachlovick\u00fd troj\u00faheln\u00edk. Dnes v jeho pr\u00e1ci pokra\u010dujeme pod hlavi\u010dkou Veter\u00e1n Car Club Tachlovice v A\u010cR a sna\u017e\u00edme se, aby jeho jm\u00e9no a jeho odkaz nezanikly, aby veter\u00e1nsk\u00e9 hnut\u00ed bylo nav\u017edy spojeno s Tachlovicemi.<\/p>\n\n\n\n<p class=\"has-text-align-left has-small-font-size\">Tak se stalo pravidlem, \u017ee po\u010d\u00e1tkem z\u00e1\u0159\u00ed se v&nbsp;Tachlovic\u00edch sjedou des\u00edtky motocykl\u016f a automobil\u016f, jejich\u017e rok v\u00fdroby je star\u0161\u00ed ne\u017e rodn\u00e9 listy v\u011bt\u0161iny div\u00e1k\u016f. Na v\u00fdstav\u011b mohou n\u00e1v\u0161t\u011bvn\u00edci obdivovat nejen um a \u0161ikovn\u00e9 ruce na\u0161ich p\u0159edk\u016f, ale i \u0161ikovn\u00e9 ruce a ob\u011btavost sou\u010dasn\u00fdch majitel\u016f motocyklov\u00fdch a automobilov\u00fdch veter\u00e1n\u016f. Po poledni vyjedou veter\u00e1ny na tra\u0165, a to je teprve na co se d\u00edvat, poslouchat a \u010dichat v\u0161echnu tu v\u016fni sp\u00e1len\u00e9ho benz\u00ednu a star\u00fdch \u010das\u016f!<\/p>\n\n\n\n<p class=\"has-text-align-left has-small-font-size\">D\u00edky v\u00e1m, \u00fa\u010dastn\u00edk\u016fm z\u00e1vodu, podporovatel\u016fm, sponzor\u016fm a div\u00e1k\u016fm se m\u016f\u017ee Tachlovick\u00fd troj\u00faheln\u00edk ka\u017edoro\u010dn\u011b uskute\u010d\u0148ovat. P\u0159ejme si, aby tomu tak bylo je\u0161t\u011b dlouh\u00e1 l\u00e9ta, a\u017e po n\u00e1s p\u0159ejmou \u0161tafetu na\u0161e d\u011bti a snad i vnuci.<\/p>\n\n\n\n<p class=\"has-text-align-left has-medium-font-size\"><\/p>\n","protected":false},"excerpt":{"rendered":"<p>V\u00e1\u017een\u00ed p\u0159\u00e1tel\u00e9, Tachlovick\u00fd troj\u00faheln\u00edk se jezd\u00ed jako j\u00edzda pravidelnosti na \u010das mezi obcemi Tachlovice, Nu\u010dice a Dob\u0159\u00ed\u010d. Z\u00fa\u010dast\u0148uj\u00ed se j\u00ed automobily a motocykly veter\u00e1ny vyroben\u00e9 do r. 1960. Prvn\u00ed ro\u010dn\u00edk Tachlovick\u00e9ho troj\u00faheln\u00edku se jel v&nbsp;roce 1976, kdy bylo v&nbsp;tehdej\u0161\u00edm \u010ceskoslovensku veter\u00e1nsk\u00e9 hnut\u00ed je\u0161t\u011b v&nbsp;plenk\u00e1ch a kdy dne\u0161n\u00ed veter\u00e1ny jezdily je\u0161t\u011b b\u011b\u017en\u011b v&nbsp;silni\u010dn\u00edm provozu. Nen\u00ed divu, [&hellip;]<\/p>\n","protected":false},"author":15,"featured_media":0,"parent":0,"menu_order":0,"comment_status":"closed","ping_status":"closed","template":"template-fullwidth.php","meta":{"footnotes":""},"class_list":["post-1125","page","type-page","status-publish","hentry"],"_links":{"self":[{"href":"https:\/\/www.vcctachlovice.cz\/index.php\/wp-json\/wp\/v2\/pages\/1125","targetHints":{"allow":["GET"]}}],"collection":[{"href":"https:\/\/www.vcctachlovice.cz\/index.php\/wp-json\/wp\/v2\/pages"}],"about":[{"href":"https:\/\/www.vcctachlovice.cz\/index.php\/wp-json\/wp\/v2\/types\/page"}],"author":[{"embeddable":true,"href":"https:\/\/www.vcctachlovice.cz\/index.php\/wp-json\/wp\/v2\/users\/15"}],"replies":[{"embeddable":true,"href":"https:\/\/www.vcctachlovice.cz\/index.php\/wp-json\/wp\/v2\/comments?post=1125"}],"version-history":[{"count":14,"href":"https:\/\/www.vcctachlovice.cz\/index.php\/wp-json\/wp\/v2\/pages\/1125\/revisions"}],"predecessor-version":[{"id":1244,"href":"https:\/\/www.vcctachlovice.cz\/index.php\/wp-json\/wp\/v2\/pages\/1125\/revisions\/1244"}],"wp:attachment":[{"href":"https:\/\/www.vcctachlovice.cz\/index.php\/wp-json\/wp\/v2\/media?parent=1125"}],"curies":[{"name":"wp","href":"https:\/\/api.w.org\/{rel}","templated":true}]}}